{"id":1050,"date":"2023-01-01T12:08:31","date_gmt":"2023-01-01T15:08:31","guid":{"rendered":"https:\/\/cajondelmaipochile.cl\/observatorio\/?page_id=1050"},"modified":"2023-01-04T18:25:27","modified_gmt":"2023-01-04T21:25:27","slug":"buenas-practicas","status":"publish","type":"page","link":"https:\/\/cajondelmaipochile.cl\/observatorio\/buenas-practicas\/","title":{"rendered":"Buenas pr\u00e1cticas"},"content":{"rendered":"\n<p>La informaci\u00f3n de Buenas Pr\u00e1cticas registra experiencias de todo el pa\u00eds. El levantamiento de informaci\u00f3n cont\u00f3 con la participaci\u00f3n de estudiantes de la carrera de Ingenier\u00eda en Gesti\u00f3n de Expediciones y Ecoturismo de la Universidad San Sebasti\u00e1n. Los criterios se basan en la metodolog\u00eda del Consejo Global de Turismo Sostenible (GSTC). <\/p>\n","protected":false},"excerpt":{"rendered":"<p>La informaci\u00f3n de Buenas Pr\u00e1cticas registra experiencias de todo el pa\u00eds. El levantamiento de informaci\u00f3n cont\u00f3 con la participaci\u00f3n de estudiantes de la carrera de Ingenier\u00eda en Gesti\u00f3n de Expediciones y Ecoturismo de la Universidad San Sebasti\u00e1n. Los criterios se basan en la metodolog\u00eda del Consejo Global de Turismo Sostenible (GSTC).<\/p>\n","protected":false},"author":1,"featured_media":0,"parent":0,"menu_order":0,"comment_status":"closed","ping_status":"closed","template":"","meta":{"inline_featured_image":false,"footnotes":""},"class_list":["post-1050","page","type-page","status-publish","hentry"],"acf":[],"_links":{"self":[{"href":"https:\/\/cajondelmaipochile.cl\/observatorio\/wp-json\/wp\/v2\/pages\/1050","targetHints":{"allow":["GET"]}}],"collection":[{"href":"https:\/\/cajondelmaipochile.cl\/observatorio\/wp-json\/wp\/v2\/pages"}],"about":[{"href":"https:\/\/cajondelmaipochile.cl\/observatorio\/wp-json\/wp\/v2\/types\/page"}],"author":[{"embeddable":true,"href":"https:\/\/cajondelmaipochile.cl\/observatorio\/wp-json\/wp\/v2\/users\/1"}],"replies":[{"embeddable":true,"href":"https:\/\/cajondelmaipochile.cl\/observatorio\/wp-json\/wp\/v2\/comments?post=1050"}],"version-history":[{"count":7,"href":"https:\/\/cajondelmaipochile.cl\/observatorio\/wp-json\/wp\/v2\/pages\/1050\/revisions"}],"predecessor-version":[{"id":1717,"href":"https:\/\/cajondelmaipochile.cl\/observatorio\/wp-json\/wp\/v2\/pages\/1050\/revisions\/1717"}],"wp:attachment":[{"href":"https:\/\/cajondelmaipochile.cl\/observatorio\/wp-json\/wp\/v2\/media?parent=1050"}],"curies":[{"name":"wp","href":"https:\/\/api.w.org\/{rel}","templated":true}]}}