{"id":391,"date":"2022-12-14T19:54:29","date_gmt":"2022-12-14T22:54:29","guid":{"rendered":"https:\/\/cajondelmaipochile.cl\/observatorio\/?page_id=391"},"modified":"2023-01-04T09:38:46","modified_gmt":"2023-01-04T12:38:46","slug":"acerca-de","status":"publish","type":"page","link":"https:\/\/cajondelmaipochile.cl\/observatorio\/acerca-de\/","title":{"rendered":"Acerca de"},"content":{"rendered":"\n<p>El proyecto Observatorio Tur\u00edstico del Caj\u00f3n del Maipo se ejecut\u00f3 durante el segundo semestre del a\u00f1o 2022, en el marco de un proyecto colaborativo financiado por la Universidad San Sebasti\u00e1n, liderado por el prof. Humberto Rivas Ortega, en el marco del Programa Territorial Hito M\u00e1s Turismo Sostenible. Cuenta con un destacado equipo de especialistas en el manejo de informaci\u00f3n territorial e indicadores de turismo y la participaci\u00f3n de estudiantes de la asignatura de Gesti\u00f3n Sustentable de Destinos Tur\u00edsticos, de la carrera de Ingenier\u00eda en Gesti\u00f3n de Expediciones y Ecoturismo.   <\/p>\n","protected":false},"excerpt":{"rendered":"<p>El proyecto Observatorio Tur\u00edstico del Caj\u00f3n del Maipo se ejecut\u00f3 durante el segundo semestre del a\u00f1o 2022, en el marco de un proyecto colaborativo financiado por la Universidad San Sebasti\u00e1n, liderado por el prof. Humberto Rivas Ortega, en el marco del Programa Territorial Hito M\u00e1s Turismo Sostenible. Cuenta con un destacado equipo de especialistas en [&hellip;]<\/p>\n","protected":false},"author":1,"featured_media":0,"parent":0,"menu_order":0,"comment_status":"closed","ping_status":"closed","template":"","meta":{"inline_featured_image":false,"footnotes":""},"class_list":["post-391","page","type-page","status-publish","hentry"],"acf":[],"_links":{"self":[{"href":"https:\/\/cajondelmaipochile.cl\/observatorio\/wp-json\/wp\/v2\/pages\/391","targetHints":{"allow":["GET"]}}],"collection":[{"href":"https:\/\/cajondelmaipochile.cl\/observatorio\/wp-json\/wp\/v2\/pages"}],"about":[{"href":"https:\/\/cajondelmaipochile.cl\/observatorio\/wp-json\/wp\/v2\/types\/page"}],"author":[{"embeddable":true,"href":"https:\/\/cajondelmaipochile.cl\/observatorio\/wp-json\/wp\/v2\/users\/1"}],"replies":[{"embeddable":true,"href":"https:\/\/cajondelmaipochile.cl\/observatorio\/wp-json\/wp\/v2\/comments?post=391"}],"version-history":[{"count":5,"href":"https:\/\/cajondelmaipochile.cl\/observatorio\/wp-json\/wp\/v2\/pages\/391\/revisions"}],"predecessor-version":[{"id":1117,"href":"https:\/\/cajondelmaipochile.cl\/observatorio\/wp-json\/wp\/v2\/pages\/391\/revisions\/1117"}],"wp:attachment":[{"href":"https:\/\/cajondelmaipochile.cl\/observatorio\/wp-json\/wp\/v2\/media?parent=391"}],"curies":[{"name":"wp","href":"https:\/\/api.w.org\/{rel}","templated":true}]}}